{"id":76,"date":"2019-02-13T10:12:23","date_gmt":"2019-02-13T10:12:23","guid":{"rendered":"http:\/\/emgastro.pl\/?page_id=76"},"modified":"2019-04-02T09:28:12","modified_gmt":"2019-04-02T09:28:12","slug":"o-nas","status":"publish","type":"page","link":"https:\/\/emgastro.pl\/","title":{"rendered":"o nas"},"content":{"rendered":"\n<h4 class=\"wp-block-heading\"><em>Szanowni Pa\u0144stwo, od 2019 roku nie prowadzimy ju\u017c sklepu internetowego. <\/em><br><em>W celu z\u0142o\u017cenia zam\u00f3wienia\/zapytania cenowego prosimy o kontakt z biurem.<\/em><\/h4>\n\n\n\n<div class=\"wp-block-button aligncenter\"><a class=\"wp-block-button__link\" href=\"https:\/\/emgastro.pl\/?page_id=143\">Skontaktuj si\u0119 z nami<\/a><\/div>\n\n\n\n<blockquote class=\"wp-block-quote is-layout-flow wp-block-quote-is-layout-flow\"><p><strong><em>Kim jeste\u015bmy i czym si\u0119 zajmujemy?<\/em><\/strong><\/p><\/blockquote>\n\n\n\n<p>Nasz\u0105 dzia\u0142alno\u015b\u0107 rozpocz\u0119li\u015bmy w 2012 roku. Od tego czasu konsekwentnie budujemy swoj\u0105 pozycj\u0119 na rynku, stale wzbogacaj\u0105c ofert\u0119 o nowe produkty i ciekawe oferty promocyjne. Zapewniamy profesjonaln\u0105 obs\u0142ug\u0119 &#8211; pocz\u0105wszy od <strong>projektu technologicznego <\/strong>do <strong>monta\u017cu sprz\u0119tu<\/strong> i <strong>przeszkolenia obs\u0142ugi.<\/strong> Dzi\u0119ki sta\u0142ej wsp\u00f3\u0142pracy z czo\u0142owymi producentami umo\u017cliwiamy <a href=\"https:\/\/emgastro.pl\/?page_id=82\">szeroki wyb\u00f3r<\/a> wysokiej jako\u015bci urz\u0105dze\u0144 niezb\u0119dnych w ka\u017cdej profesjonalnej kuchni.<\/p>\n\n\n\n<p>Nasi handlowcy posiadaj\u0105 wieloletnie do\u015bwiadczenie w bran\u017cy wyposa\u017cenia gastronomii, uko\u0144czyli liczne szkolenia handlowe i pochwali\u0107 si\u0119 mog\u0105 licznie zdobytymi certyfikatami. Jeste\u015bmy dobrze zorganizowanym i do\u015bwiadczonym partnerem handlowym. Zapraszamy do obejrzenia albumu<strong> <\/strong><a href=\"https:\/\/emgastro.pl\/?page_id=84\"><strong>Przyk\u0142adowe realizacje<\/strong><\/a><strong> <\/strong>gdzie zobaczy\u0107 mo\u017cna pogl\u0105dowe zdj\u0119cia zapleczy kuchennych, zmywalni, bar\u00f3w czy ci\u0105g\u00f3w wydawczych. <\/p>\n\n\n\n<p>Startujemy w przetargach publicznych, w wyniku czego wyposa\u017camy \u017c\u0142obki, przedszkola, szko\u0142y, uczelnie, szpitale i inne plac\u00f3wki publiczne.&nbsp;Naszymi klientami s\u0105 tak\u017ce renomowane hotele, restauracje, domy weselne, bary, puby, pizzerie i inne obiekty takie jak piekarnie, cukiernie, zak\u0142ady garma\u017ceryjne, masarnie czy stoiska sklepowe.<\/p>\n\n\n\n<blockquote class=\"wp-block-quote is-layout-flow wp-block-quote-is-layout-flow\"><p><strong><em>Co oferujemy swoim klientom?<\/em><\/strong><\/p><\/blockquote>\n\n\n\n<ul class=\"wp-block-list\"><li>doradztwo handlowe i techniczne z pomiarem zapleczy kuchennych klienta;<\/li><li>projektowanie zapleczy kuchennych z zestawieniem wyposa\u017cenia i wycen\u0105;<\/li><li>bezp\u0142atne prezentacje handlowe urz\u0105dze\u0144 w lokalu klienta;<\/li><li>sprzeda\u017c urz\u0105dze\u0144, mebli technologicznych i drobnego sprz\u0119tu zaplecza kuchennego;<\/li><li>monta\u017c zakupionych urz\u0105dze\u0144;<\/li><li>szkolenia posprzeda\u017cowe z zakresu obs\u0142ugi urz\u0105dze\u0144 oraz szkolenia kulinarne;<\/li><li>serwis gwarancyjny i pogwarancyjny.<\/li><\/ul>\n\n\n\n<blockquote class=\"wp-block-quote is-layout-flow wp-block-quote-is-layout-flow\"><p><em><strong>Program &#8220;Posi\u0142ek w szkole i w domu&#8221;<\/strong><\/em><\/p><\/blockquote>\n\n\n\n<p>W zwi\u0105zku z realizacj\u0105 programu <strong><a href=\"https:\/\/emgastro.pl\/wp-content\/uploads\/2019\/04\/Program_Posi\u0142ek_w_szkole_i_w_domu_na_lata_2019_-_2023.pdf\" target=\"_blank\" rel=\"noreferrer noopener\" aria-label=\"&quot;Posi\u0142ek w szkole i w domu&quot; (otwiera si\u0119 na nowej zak\u0142adce)\">&#8220;Posi\u0142ek w szkole i w domu&#8221;<\/a><\/strong> zapraszamy do kontaktu Publiczne Szko\u0142y Podstawowe. Oferujemy przygotowanie kompleksowej wyceny uwzgl\u0119dniaj\u0105cej potrzeby konkretnej kuchni\/sto\u0142\u00f3wki.<\/p>\n","protected":false},"excerpt":{"rendered":"<p>Szanowni Pa\u0144stwo, od 2019 roku nie prowadzimy ju\u017c sklepu internetowego. W celu z\u0142o\u017cenia zam\u00f3wienia\/zapytania cenowego prosimy o kontakt z biurem. Kim jeste\u015bmy i czym si\u0119 zajmujemy? Nasz\u0105 dzia\u0142alno\u015b\u0107 rozpocz\u0119li\u015bmy w 2012 roku. Od tego czasu konsekwentnie budujemy swoj\u0105 pozycj\u0119 na rynku, stale wzbogacaj\u0105c ofert\u0119 o nowe produkty i ciekawe oferty promocyjne. Zapewniamy profesjonaln\u0105 obs\u0142ug\u0119 &#8211; [&hellip;]<\/p>\n","protected":false},"author":1,"featured_media":0,"parent":0,"menu_order":0,"comment_status":"closed","ping_status":"closed","template":"","meta":{"footnotes":""},"class_list":["post-76","page","type-page","status-publish","hentry"],"_links":{"self":[{"href":"https:\/\/emgastro.pl\/index.php?rest_route=\/wp\/v2\/pages\/76","targetHints":{"allow":["GET"]}}],"collection":[{"href":"https:\/\/emgastro.pl\/index.php?rest_route=\/wp\/v2\/pages"}],"about":[{"href":"https:\/\/emgastro.pl\/index.php?rest_route=\/wp\/v2\/types\/page"}],"author":[{"embeddable":true,"href":"https:\/\/emgastro.pl\/index.php?rest_route=\/wp\/v2\/users\/1"}],"replies":[{"embeddable":true,"href":"https:\/\/emgastro.pl\/index.php?rest_route=%2Fwp%2Fv2%2Fcomments&post=76"}],"version-history":[{"count":32,"href":"https:\/\/emgastro.pl\/index.php?rest_route=\/wp\/v2\/pages\/76\/revisions"}],"predecessor-version":[{"id":637,"href":"https:\/\/emgastro.pl\/index.php?rest_route=\/wp\/v2\/pages\/76\/revisions\/637"}],"wp:attachment":[{"href":"https:\/\/emgastro.pl\/index.php?rest_route=%2Fwp%2Fv2%2Fmedia&parent=76"}],"curies":[{"name":"wp","href":"https:\/\/api.w.org\/{rel}","templated":true}]}}